{"id":1996,"date":"2025-04-16T14:35:34","date_gmt":"2025-04-16T12:35:34","guid":{"rendered":"https:\/\/www.tomiagroup.com\/our-values\/"},"modified":"2026-01-14T14:47:26","modified_gmt":"2026-01-14T13:47:26","slug":"our-values","status":"publish","type":"page","link":"https:\/\/www.tomiagroup.com\/en\/our-values\/","title":{"rendered":"Our Values"},"content":{"rendered":"\t\t<div data-elementor-type=\"wp-page\" data-elementor-id=\"1996\" class=\"elementor elementor-1996\">\n\t\t\t\t<div class=\"wd-negative-gap elementor-element elementor-element-e033fd5 e-flex e-con-boxed e-con e-parent\" data-id=\"e033fd5\" data-element_type=\"container\" data-e-type=\"container\">\n\t\t\t\t\t<div class=\"e-con-inner\">\n\t\t<div class=\"elementor-element elementor-element-0e1d5fb e-con-full e-flex e-con e-child\" data-id=\"0e1d5fb\" data-element_type=\"container\" data-e-type=\"container\">\n\t\t\t\t<div class=\"elementor-element elementor-element-07cc41d wd-width-100 elementor-widget elementor-widget-wd_title\" data-id=\"07cc41d\" data-element_type=\"widget\" data-e-type=\"widget\" data-widget_type=\"wd_title.default\">\n\t\t\t\t<div class=\"elementor-widget-container\">\n\t\t\t\t\t\t\t\t<link rel=\"stylesheet\" id=\"wd-section-title-css\" href=\"https:\/\/www.tomiagroup.com\/wp-content\/themes\/woodmart\/css\/parts\/el-section-title.min.css?ver=7.6.0\" type=\"text\/css\" media=\"all\" \/> \t\t\t\t\t<div class=\"title-wrapper set-mb-s reset-last-child wd-title-color-default wd-title-style-default wd-title-size-default text-left\">\n\n\t\t\t\n\t\t\t<div class=\"liner-continer\">\n\t\t\t\t<h2 class=\"woodmart-title-container title wd-fontsize-l\">Our Values: Technology with a Human Face<\/h2> \n\t\t\t\t\t\t\t<\/div>\n\n\t\t\t\t\t<\/div>\n\t\t\t\t\t\t<\/div>\n\t\t\t\t<\/div>\n\t\t\t\t<div class=\"elementor-element elementor-element-ff1e75e elementor-widget elementor-widget-wd_text_block\" data-id=\"ff1e75e\" data-element_type=\"widget\" data-e-type=\"widget\" data-widget_type=\"wd_text_block.default\">\n\t\t\t\t<div class=\"elementor-widget-container\">\n\t\t\t\t\t\t\t\t<link rel=\"stylesheet\" id=\"wd-text-block-css\" href=\"https:\/\/www.tomiagroup.com\/wp-content\/themes\/woodmart\/css\/parts\/el-text-block.min.css?ver=7.6.0\" type=\"text\/css\" media=\"all\" \/> \t\t\t\t\t<div class=\"wd-text-block reset-last-child text-left\">\n\t\t\t\n\t\t\t<p><i><span style=\"font-weight: 400;\">At TOMIA, we believe that technology should serve people, not the other way around. Our values are not just on paper \u2013 they are reflected in our daily work, in our approach to clients, and in the quality of services we provide. <\/span><\/i><\/p><h2><strong>Our Commitment: Your Time, Your Business<\/strong><\/h2><p><span style=\"font-weight: 400;\">We are committed to ensuring that our solutions bring you the most valuable asset \u2013 more time for your business and life. This is the core of WHAT and HOW we do things at TOMIA. <\/span><\/p><h2><strong>Navigating to Success: Four Pillars of Our Approach<\/strong><\/h2><p><b>1. We Simplify Your Journey <\/b><\/p><p><span style=\"font-weight: 400;\">We break down complex problems into simple, understandable steps. We believe that even the most intricate technologies can be explained simply and implemented in a way that makes your work easier without unnecessary complications. <\/span><\/p><ol start=\"2\"><li><b> We Open New Paths <\/b><\/li><\/ol><p><span style=\"font-weight: 400;\">We free you from routine tasks so you can focus on strategic objectives and creative thinking. Automation only makes sense when it unleashes your potential and enables you to grow. <\/span><\/p><ol start=\"3\"><li><b> We Turn Obstacles into Advantages<\/b><\/li><\/ol><p><span style=\"font-weight: 400;\">We view every technological challenge as an opportunity for improvement and innovation. We don't create solutions that merely maintain the status quo. We always look for ways to elevate your business to a new level.  <\/span><\/p><ol start=\"4\"><li><b> We Focus on Your Goal <\/b><\/li><\/ol><p><span style=\"font-weight: 400;\">We don't implement technology for technology's sake, but with the clear goal of strengthening your business. Every decision we make stems from the question: \"How will this help you?\" <\/span><\/p>\n\t\t\t\t\t<\/div>\n\t\t\t\t\t\t<\/div>\n\t\t\t\t<\/div>\n\t\t\t\t<\/div>\n\t\t<div class=\"elementor-element elementor-element-cca8fa2 e-con-full e-flex e-con e-child\" data-id=\"cca8fa2\" data-element_type=\"container\" data-e-type=\"container\">\n\t\t\t\t<div class=\"elementor-element elementor-element-0e5eedc wd-width-100 elementor-widget elementor-widget-wd_title\" data-id=\"0e5eedc\" data-element_type=\"widget\" data-e-type=\"widget\" data-widget_type=\"wd_title.default\">\n\t\t\t\t<div class=\"elementor-widget-container\">\n\t\t\t\t\t\t\t<div class=\"title-wrapper set-mb-s reset-last-child wd-title-color-default wd-title-style-default wd-title-size-default text-left\">\n\n\t\t\t\n\t\t\t<div class=\"liner-continer\">\n\t\t\t\t<h2 class=\"woodmart-title-container title wd-fontsize-l\">We are Your Data Guide on the Path to Efficient Business<\/h2> \n\t\t\t\t\t\t\t<\/div>\n\n\t\t\t\t\t<\/div>\n\t\t\t\t\t\t<\/div>\n\t\t\t\t<\/div>\n\t\t\t\t<div class=\"elementor-element elementor-element-f6608c6 elementor-widget elementor-widget-wd_text_block\" data-id=\"f6608c6\" data-element_type=\"widget\" data-e-type=\"widget\" data-widget_type=\"wd_text_block.default\">\n\t\t\t\t<div class=\"elementor-widget-container\">\n\t\t\t\t\t\t\t<div class=\"wd-text-block reset-last-child text-left\">\n\t\t\t\n\t\t\t<p><span style=\"font-weight: 400;\">At TOMIA, we know the most effective ways to unify your data in one place and automate processes that hold you back. <\/span><\/p><p><b>What Makes Us Different? <\/b><\/p><p><span style=\"font-weight: 400;\">With us, you gain not only technology, but also <\/span><b>a partner who explains IT in plain language<\/b><span style=\"font-weight: 400;\"> and helps you make informed decisions based on reliable data.<\/span><\/p><p><b>IT in Plain Language<\/b><\/p><p><span style=\"font-weight: 400;\">We explain complex technologies simply and clearly. Our motto <\/span><b>\"IT in plain language\", <\/b><span style=\"font-weight: 400;\"> is not just a marketing slogan. It's the way we communicate, implement solutions, and educate our clients.<\/span><\/p><p> <\/p><p><i><span style=\"font-weight: 400;\">\"We can have a great system and excellent reports, but if the customer doesn't use it, it's useless.\" <strong>\u013dubo\u0161 Masn\u00fd<\/strong>, CEO TOMIA<\/span><\/i><\/p><p> <\/p><p><b>Individual Approach<\/b><\/p><p><span style=\"font-weight: 400;\">We adapt technology to you, not you to technology. We approach every project from the client's perspective: <\/span><\/p><ul><li style=\"font-weight: 400;\" aria-level=\"1\"><span style=\"font-weight: 400;\">First, <\/span><b>we listen and learn<\/b><span style=\"font-weight: 400;\"> about your business<\/span><\/li><li style=\"font-weight: 400;\" aria-level=\"1\"><span style=\"font-weight: 400;\">Then, <\/span><b>we identify specific needs and challenges<\/b><\/li><\/ul><p><span style=\"font-weight: 400;\">Finally, <\/span><b>we design tailored solutions<\/b><span style=\"font-weight: 400;\"> to your specific requirements<\/span><\/p>\n\t\t\t\t\t<\/div>\n\t\t\t\t\t\t<\/div>\n\t\t\t\t<\/div>\n\t\t\t\t<\/div>\n\t\t\t\t\t<\/div>\n\t\t\t\t<\/div>\n\t\t<div class=\"wd-negative-gap elementor-element elementor-element-69258f0 wd-section-stretch e-flex e-con-boxed e-con e-parent\" data-id=\"69258f0\" data-element_type=\"container\" data-e-type=\"container\" data-settings=\"{&quot;background_background&quot;:&quot;classic&quot;}\">\n\t\t\t\t\t<div class=\"e-con-inner\">\n\t\t<div class=\"elementor-element elementor-element-606fdad e-con-full e-flex e-con e-child\" data-id=\"606fdad\" data-element_type=\"container\" data-e-type=\"container\">\n\t\t\t\t<div class=\"elementor-element elementor-element-8201e16 elementor-widget elementor-widget-wd_text_block\" data-id=\"8201e16\" data-element_type=\"widget\" data-e-type=\"widget\" data-widget_type=\"wd_text_block.default\">\n\t\t\t\t<div class=\"elementor-widget-container\">\n\t\t\t\t\t\t\t<div class=\"wd-text-block reset-last-child text-left\">\n\t\t\t\n\t\t\t<p><b>Transparency<\/b><\/p><p><span style=\"font-weight: 400;\">We communicate openly and honestly. You will always know: <\/span><\/p><ul><li style=\"font-weight: 400;\" aria-level=\"1\"><span style=\"font-weight: 400;\">The status of your project<\/span><\/li><li style=\"font-weight: 400;\" aria-level=\"1\"><span style=\"font-weight: 400;\">What the next steps are<\/span><\/li><li style=\"font-weight: 400;\" aria-level=\"1\"><span style=\"font-weight: 400;\">What costs you can expect<\/span><\/li><li style=\"font-weight: 400;\" aria-level=\"1\"><span style=\"font-weight: 400;\">What challenges and risks we foresee<\/span><\/li><\/ul><p><b>Long-term Cooperation<\/b><\/p><p><span style=\"font-weight: 400;\">We don't just want to be a supplier, but primarily a partner on your journey to digital transformation. Our client relationships are based on: <\/span><\/p><ul><li style=\"font-weight: 400;\" aria-level=\"1\"><b>Mutual trust<\/b><\/li><li style=\"font-weight: 400;\" aria-level=\"1\"><b>Continuous improvement<\/b><\/li><li style=\"font-weight: 400;\" aria-level=\"1\"><b>Shared goals<\/b><\/li><li style=\"font-weight: 400;\" aria-level=\"1\"><b>Long-term vision<\/b><\/li><\/ul><p><b>Measurable Results<\/b><\/p><p><span style=\"font-weight: 400;\">Our priority is for you to see concrete results in the short term:<\/span><\/p><ul><li style=\"font-weight: 400;\" aria-level=\"1\"><b>90% time savings<\/b><span style=\"font-weight: 400;\"> in administrative tasks<\/span><\/li><li style=\"font-weight: 400;\" aria-level=\"1\"><b>Elimination of errors<\/b><span style=\"font-weight: 400;\"> and duplicate work<\/span><\/li><li style=\"font-weight: 400;\" aria-level=\"1\"><b>Process acceleration<\/b><span style=\"font-weight: 400;\"> (e.g., from a month to one day)<\/span><\/li><li style=\"font-weight: 400;\" aria-level=\"1\"><b>Better decision-making<\/b><span style=\"font-weight: 400;\"> thanks to access to current data<\/span><\/li><\/ul>\n\t\t\t\t\t<\/div>\n\t\t\t\t\t\t<\/div>\n\t\t\t\t<\/div>\n\t\t\t\t<\/div>\n\t\t<div class=\"elementor-element elementor-element-52fab70 e-con-full e-flex e-con e-child\" data-id=\"52fab70\" data-element_type=\"container\" data-e-type=\"container\">\n\t\t\t\t<div class=\"elementor-element elementor-element-18c4080 elementor-widget elementor-widget-wd_text_block\" data-id=\"18c4080\" data-element_type=\"widget\" data-e-type=\"widget\" data-widget_type=\"wd_text_block.default\">\n\t\t\t\t<div class=\"elementor-widget-container\">\n\t\t\t\t\t\t\t<div class=\"wd-text-block reset-last-child text-left\">\n\t\t\t\n\t\t\t<p><b>Empathetic Listening<\/b><\/p><p><span style=\"font-weight: 400;\">First, we strive to truly understand your needs before proposing a solution. This approach includes: <\/span><\/p><ul><li style=\"font-weight: 400;\" aria-level=\"1\"><b>Thorough analysis<\/b><span style=\"font-weight: 400;\"> of your processes and needs<\/span><\/li><li style=\"font-weight: 400;\" aria-level=\"1\"><b>Active listening<\/b><span style=\"font-weight: 400;\"> without assumptions or preconceptions<\/span><\/li><li style=\"font-weight: 400;\" aria-level=\"1\"><b>Valuable questions<\/b><span style=\"font-weight: 400;\"> that uncover real problems, not just symptoms<\/span><\/li><li style=\"font-weight: 400;\" aria-level=\"1\"><b>Understanding the business context<\/b><span style=\"font-weight: 400;\">, not just technical requirements<\/span><\/li><\/ul><p><b>Continuous Progress<\/b><\/p><p><span style=\"font-weight: 400;\">\"Nothing is older than yesterday's success.\"<\/span><\/p><p><span style=\"font-weight: 400;\">At TOMIA, we never settle for what has been achieved. We continuously educate ourselves, monitor the latest trends, and seek ways to improve our services. This mindset is reflected in:  <\/span><\/p><ul><li style=\"font-weight: 400;\" aria-level=\"1\"><b>Regular training<\/b><span style=\"font-weight: 400;\"> and obtaining new certifications<\/span><\/li><li style=\"font-weight: 400;\" aria-level=\"1\"><b>Innovations<\/b><span style=\"font-weight: 400;\"> in our services and processes<\/span><\/li><li style=\"font-weight: 400;\" aria-level=\"1\"><b>Continuous improvement<\/b><span style=\"font-weight: 400;\"> of already implemented solutions<\/span><\/li><li style=\"font-weight: 400;\" aria-level=\"1\"><b>Openness to feedback<\/b><span style=\"font-weight: 400;\"> and new ideas<\/span><\/li><\/ul><p><a href=\"https:\/\/www.tomiagroup.com\/referencie\/\"><span style=\"font-weight: 400;\">Discover how our values deliver real results \u2192<\/span><\/a><\/p><p><span style=\"font-weight: 400;\">Want to know how we can help you? <\/span><a href=\"http:\/\/www.tomia.sk\/kontakt\" target=\"_blank\" rel=\"noopener\"><span style=\"font-weight: 400;\">Book a consultation.<\/span><\/a><span style=\"font-weight: 400;\"> <\/span><\/p>\n\t\t\t\t\t<\/div>\n\t\t\t\t\t\t<\/div>\n\t\t\t\t<\/div>\n\t\t\t\t<\/div>\n\t\t\t\t\t<\/div>\n\t\t\t\t<\/div>\n\t\t\t\t<\/div>\n\t\t","protected":false},"excerpt":{"rendered":"<p>Our Values: Technology with a Human Face At TOMIA, we believe that technology should serve people, not the other way<\/p>\n","protected":false},"author":1,"featured_media":0,"parent":0,"menu_order":0,"comment_status":"closed","ping_status":"closed","template":"","meta":{"footnotes":""},"class_list":["post-1996","page","type-page","status-publish","hentry"],"_links":{"self":[{"href":"https:\/\/www.tomiagroup.com\/en\/wp-json\/wp\/v2\/pages\/1996","targetHints":{"allow":["GET"]}}],"collection":[{"href":"https:\/\/www.tomiagroup.com\/en\/wp-json\/wp\/v2\/pages"}],"about":[{"href":"https:\/\/www.tomiagroup.com\/en\/wp-json\/wp\/v2\/types\/page"}],"author":[{"embeddable":true,"href":"https:\/\/www.tomiagroup.com\/en\/wp-json\/wp\/v2\/users\/1"}],"replies":[{"embeddable":true,"href":"https:\/\/www.tomiagroup.com\/en\/wp-json\/wp\/v2\/comments?post=1996"}],"version-history":[{"count":4,"href":"https:\/\/www.tomiagroup.com\/en\/wp-json\/wp\/v2\/pages\/1996\/revisions"}],"predecessor-version":[{"id":2237,"href":"https:\/\/www.tomiagroup.com\/en\/wp-json\/wp\/v2\/pages\/1996\/revisions\/2237"}],"wp:attachment":[{"href":"https:\/\/www.tomiagroup.com\/en\/wp-json\/wp\/v2\/media?parent=1996"}],"curies":[{"name":"wp","href":"https:\/\/api.w.org\/{rel}","templated":true}]}}