{"id":1988,"date":"2025-04-16T13:32:07","date_gmt":"2025-04-16T11:32:07","guid":{"rendered":"https:\/\/www.tomiagroup.com\/our-team\/"},"modified":"2026-01-14T14:47:04","modified_gmt":"2026-01-14T13:47:04","slug":"our-team","status":"publish","type":"page","link":"https:\/\/www.tomiagroup.com\/en\/our-team\/","title":{"rendered":"Our Team"},"content":{"rendered":"\t\t<div data-elementor-type=\"wp-page\" data-elementor-id=\"1988\" class=\"elementor elementor-1988\">\n\t\t\t\t<div class=\"wd-negative-gap elementor-element elementor-element-f00aa48 e-flex e-con-boxed e-con e-parent\" data-id=\"f00aa48\" data-element_type=\"container\" data-e-type=\"container\">\n\t\t\t\t\t<div class=\"e-con-inner\">\n\t\t<div class=\"elementor-element elementor-element-1ee7f27 e-con-full e-flex e-con e-child\" data-id=\"1ee7f27\" data-element_type=\"container\" data-e-type=\"container\">\n\t\t\t\t<div class=\"elementor-element elementor-element-fbfe6c2 wd-width-100 elementor-widget elementor-widget-wd_title\" data-id=\"fbfe6c2\" data-element_type=\"widget\" data-e-type=\"widget\" data-widget_type=\"wd_title.default\">\n\t\t\t\t<div class=\"elementor-widget-container\">\n\t\t\t\t\t\t\t\t<link rel=\"stylesheet\" id=\"wd-section-title-css\" href=\"https:\/\/www.tomiagroup.com\/wp-content\/themes\/woodmart\/css\/parts\/el-section-title.min.css?ver=7.6.0\" type=\"text\/css\" media=\"all\" \/> \t\t\t\t\t<div class=\"title-wrapper set-mb-s reset-last-child wd-title-color-default wd-title-style-default wd-title-size-default text-left\">\n\n\t\t\t\n\t\t\t<div class=\"liner-continer\">\n\t\t\t\t<h2 class=\"woodmart-title-container title wd-fontsize-l\">Our Team of Data Guides<\/h2> \n\t\t\t\t\t\t\t<\/div>\n\n\t\t\t\t\t<\/div>\n\t\t\t\t\t\t<\/div>\n\t\t\t\t<\/div>\n\t\t\t\t<div class=\"elementor-element elementor-element-e07dea0 elementor-widget elementor-widget-wd_text_block\" data-id=\"e07dea0\" data-element_type=\"widget\" data-e-type=\"widget\" data-widget_type=\"wd_text_block.default\">\n\t\t\t\t<div class=\"elementor-widget-container\">\n\t\t\t\t\t\t\t\t<link rel=\"stylesheet\" id=\"wd-text-block-css\" href=\"https:\/\/www.tomiagroup.com\/wp-content\/themes\/woodmart\/css\/parts\/el-text-block.min.css?ver=7.6.0\" type=\"text\/css\" media=\"all\" \/> \t\t\t\t\t<div class=\"wd-text-block reset-last-child text-left\">\n\t\t\t\n\t\t\t<p><i><span style=\"font-weight: 400;\">At TOMIA, we believe that the greatest strength of any company lies in its people. <\/span><\/i><b><i>Our team consists of specialized data guides who combine deep technical expertise with a human approach and a passion for solving real problems<\/i><\/b><i><span style=\"font-weight: 400;\">. <\/span><\/i> <\/p><p><span style=\"font-weight: 400;\">Each of them is an expert in a specific area of the digital landscape, and together we help you safely navigate the complex IT world. <\/span><\/p><p><b>Meet the people behind TOMIA who work every day to give you back your time.<\/b><\/p>\n\t\t\t\t\t<\/div>\n\t\t\t\t\t\t<\/div>\n\t\t\t\t<\/div>\n\t\t\t\t<\/div>\n\t\t<div class=\"elementor-element elementor-element-9c3a855 e-con-full e-flex e-con e-child\" data-id=\"9c3a855\" data-element_type=\"container\" data-e-type=\"container\">\n\t\t\t\t<div class=\"elementor-element elementor-element-f5f93f7 elementor-widget elementor-widget-wd_image_or_svg\" data-id=\"f5f93f7\" data-element_type=\"widget\" data-e-type=\"widget\" data-widget_type=\"wd_image_or_svg.default\">\n\t\t\t\t<div class=\"elementor-widget-container\">\n\t\t\t\t\t\n\t\t<div class=\"wd-image text-left\">\n\t\t\t\t\t\t\t\t<img fetchpriority=\"high\" decoding=\"async\" width=\"1024\" height=\"683\" src=\"https:\/\/www.tomiagroup.com\/wp-content\/uploads\/2025\/04\/tomia-tim.jpg\" class=\"attachment-full size-full\" alt=\"\" srcset=\"https:\/\/www.tomiagroup.com\/wp-content\/uploads\/2025\/04\/tomia-tim.jpg 1024w, https:\/\/www.tomiagroup.com\/wp-content\/uploads\/2025\/04\/tomia-tim-300x200.jpg 300w, https:\/\/www.tomiagroup.com\/wp-content\/uploads\/2025\/04\/tomia-tim-768x512.jpg 768w\" sizes=\"(max-width: 1024px) 100vw, 1024px\" \/>\t\t\t\t\t<\/div>\n\n\t\t\t\t\t\t<\/div>\n\t\t\t\t<\/div>\n\t\t\t\t<\/div>\n\t\t\t\t\t<\/div>\n\t\t\t\t<\/div>\n\t\t<div class=\"wd-negative-gap elementor-element elementor-element-017e6ca wd-section-stretch e-flex e-con-boxed e-con e-parent\" data-id=\"017e6ca\" data-element_type=\"container\" data-e-type=\"container\" data-settings=\"{&quot;background_background&quot;:&quot;classic&quot;}\">\n\t\t\t\t\t<div class=\"e-con-inner\">\n\t\t<div class=\"elementor-element elementor-element-634f5a3 e-con-full e-flex e-con e-child\" data-id=\"634f5a3\" data-element_type=\"container\" data-e-type=\"container\">\n\t\t\t\t<div class=\"elementor-element elementor-element-24bf096 elementor-widget elementor-widget-wd_image_or_svg\" data-id=\"24bf096\" data-element_type=\"widget\" data-e-type=\"widget\" data-widget_type=\"wd_image_or_svg.default\">\n\t\t\t\t<div class=\"elementor-widget-container\">\n\t\t\t\t\t\n\t\t<div class=\"wd-image text-left\">\n\t\t\t\t\t\t\t\t<img decoding=\"async\" width=\"1752\" height=\"982\" src=\"https:\/\/www.tomiagroup.com\/wp-content\/uploads\/2025\/04\/DSC00486-2.jpg\" class=\"attachment-full size-full\" alt=\"\" srcset=\"https:\/\/www.tomiagroup.com\/wp-content\/uploads\/2025\/04\/DSC00486-2.jpg 1752w, https:\/\/www.tomiagroup.com\/wp-content\/uploads\/2025\/04\/DSC00486-2-300x168.jpg 300w, https:\/\/www.tomiagroup.com\/wp-content\/uploads\/2025\/04\/DSC00486-2-1024x574.jpg 1024w, https:\/\/www.tomiagroup.com\/wp-content\/uploads\/2025\/04\/DSC00486-2-768x430.jpg 768w, https:\/\/www.tomiagroup.com\/wp-content\/uploads\/2025\/04\/DSC00486-2-1536x861.jpg 1536w\" sizes=\"(max-width: 1752px) 100vw, 1752px\" \/>\t\t\t\t\t<\/div>\n\n\t\t\t\t\t\t<\/div>\n\t\t\t\t<\/div>\n\t\t\t\t<\/div>\n\t\t<div class=\"elementor-element elementor-element-926fc04 e-con-full e-flex e-con e-child\" data-id=\"926fc04\" data-element_type=\"container\" data-e-type=\"container\">\n\t\t\t\t<div class=\"elementor-element elementor-element-b1773da wd-width-100 elementor-widget elementor-widget-wd_title\" data-id=\"b1773da\" data-element_type=\"widget\" data-e-type=\"widget\" data-widget_type=\"wd_title.default\">\n\t\t\t\t<div class=\"elementor-widget-container\">\n\t\t\t\t\t\t\t<div class=\"title-wrapper set-mb-s reset-last-child wd-title-color-default wd-title-style-default wd-title-size-default text-left\">\n\n\t\t\t\n\t\t\t<div class=\"liner-continer\">\n\t\t\t\t<h2 class=\"woodmart-title-container title wd-fontsize-l\">\u013dubo\u0161 Masn\u00fd<\/h2> \n\t\t\t\t\t\t\t<\/div>\n\n\t\t\t\t\t<\/div>\n\t\t\t\t\t\t<\/div>\n\t\t\t\t<\/div>\n\t\t\t\t<div class=\"elementor-element elementor-element-04817fa elementor-widget elementor-widget-wd_text_block\" data-id=\"04817fa\" data-element_type=\"widget\" data-e-type=\"widget\" data-widget_type=\"wd_text_block.default\">\n\t\t\t\t<div class=\"elementor-widget-container\">\n\t\t\t\t\t\t\t<div class=\"wd-text-block reset-last-child text-left\">\n\t\t\t\n\t\t\t<p><span style=\"font-weight: 400;\">Lead Guide &amp; Founder<\/span><\/p><p> <\/p><p><b>About \u013dubo\u0161: <\/b><\/p><p><span style=\"font-weight: 400;\">He is the founder and heart of TOMIA. His unconventional journey from programmer to business consultant defined our company's unique approach. After gaining experience at Microsoft and implementing CRM systems for the aviation industry in Ireland, he founded TOMIA in 2016 with a simple yet revolutionary mission: <\/span><b>to provide IT solutions that people understand and that deliver real value.<\/b><\/p>\n\t\t\t\t\t<\/div>\n\t\t\t\t\t\t<\/div>\n\t\t\t\t<\/div>\n\t\t\t\t<\/div>\n\t\t\t\t\t<\/div>\n\t\t\t\t<\/div>\n\t\t<div class=\"wd-negative-gap elementor-element elementor-element-4adaf2f e-flex e-con-boxed e-con e-parent\" data-id=\"4adaf2f\" data-element_type=\"container\" data-e-type=\"container\">\n\t\t\t\t\t<div class=\"e-con-inner\">\n\t\t<div class=\"elementor-element elementor-element-d600bbe e-con-full e-flex e-con e-child\" data-id=\"d600bbe\" data-element_type=\"container\" data-e-type=\"container\">\n\t\t\t\t<div class=\"elementor-element elementor-element-a82da5b wd-width-100 elementor-widget elementor-widget-wd_title\" data-id=\"a82da5b\" data-element_type=\"widget\" data-e-type=\"widget\" data-widget_type=\"wd_title.default\">\n\t\t\t\t<div class=\"elementor-widget-container\">\n\t\t\t\t\t\t\t<div class=\"title-wrapper set-mb-s reset-last-child wd-title-color-default wd-title-style-default wd-title-size-default text-left\">\n\n\t\t\t\n\t\t\t<div class=\"liner-continer\">\n\t\t\t\t<h2 class=\"woodmart-title-container title wd-fontsize-l\">How \u013dubo\u0161 Guides You: <\/h2> \n\t\t\t\t\t\t\t<\/div>\n\n\t\t\t\t\t<\/div>\n\t\t\t\t\t\t<\/div>\n\t\t\t\t<\/div>\n\t\t\t\t<div class=\"elementor-element elementor-element-35e8f0d elementor-widget elementor-widget-wd_text_block\" data-id=\"35e8f0d\" data-element_type=\"widget\" data-e-type=\"widget\" data-widget_type=\"wd_text_block.default\">\n\t\t\t\t<div class=\"elementor-widget-container\">\n\t\t\t\t\t\t\t<div class=\"wd-text-block reset-last-child text-left\">\n\t\t\t\n\t\t\t<p><b>\u013dubo\u0161 is your main navigator and strate<\/b><span style=\"font-weight: 400;\">gist. He will help you understand<\/span><b> what opportunities <\/b><span style=\"font-weight: 400;\">digital transformation offers specifically to your business. He proposes the most effective ways to leverage them. <\/span><b>His strength lies in his ability to translate complex technological concepts into understandable language<\/b><span style=\"font-weight: 400;\"> and identify real business needs beneath layers of technical requirements.<\/span><\/p><p><b>What You (Perhaps) Didn't Know About \u013dubo\u0161: <\/b><\/p><p><b>Previously: <\/b><span style=\"font-weight: 400;\">Microsoft, aviation industry in Ireland<\/span><\/p><p><b>Mission: Humanity Even in IT.<\/b><span style=\"font-weight: 400;\"> To give clients back their most valuable resource \u2013 time. <\/span><\/p><p><b>Motto: Adapt or die. <\/b><span style=\"font-weight: 400;\"> <\/span><\/p><p><span style=\"font-weight: 400;\">Nothing is older than yesterday's success.<\/span><\/p>\n\t\t\t\t\t<\/div>\n\t\t\t\t\t\t<\/div>\n\t\t\t\t<\/div>\n\t\t\t\t<\/div>\n\t\t<div class=\"elementor-element elementor-element-4e729c8 e-con-full e-flex e-con e-child\" data-id=\"4e729c8\" data-element_type=\"container\" data-e-type=\"container\">\n\t\t\t\t<div class=\"elementor-element elementor-element-1ec827b elementor-widget elementor-widget-wd_text_block\" data-id=\"1ec827b\" data-element_type=\"widget\" data-e-type=\"widget\" data-widget_type=\"wd_text_block.default\">\n\t\t\t\t<div class=\"elementor-widget-container\">\n\t\t\t\t\t\t\t<div class=\"wd-text-block reset-last-child text-left\">\n\t\t\t\n\t\t\t<p><b>Expertise:<\/b><\/p><ul><li><span style=\"font-weight: 400;\">Microsoft Dynamics 365<\/span><\/li><li>CRM Implementations<\/li><li>Business Consulting<\/li><li>Digital Process Transformation<\/li><li>Strategic IT Planning<\/li><\/ul><p><b>Education:<\/b><\/p><ul><li><span style=\"font-weight: 400;\">Informatics, Slovak University of Technology in Bratislava<\/span><\/li><li>Microsoft Certifications<\/li><\/ul><p><b>Contact: <\/b><\/p><p><span style=\"font-weight: 400;\">Email: lubos.masny@tomiagroup.com<\/span><\/p>\n\t\t\t\t\t<\/div>\n\t\t\t\t\t\t<\/div>\n\t\t\t\t<\/div>\n\t\t\t\t<div class=\"elementor-element elementor-element-c2759d3 elementor-view-default elementor-widget elementor-widget-icon\" data-id=\"c2759d3\" data-element_type=\"widget\" data-e-type=\"widget\" data-widget_type=\"icon.default\">\n\t\t\t\t<div class=\"elementor-widget-container\">\n\t\t\t\t\t\t\t<div class=\"elementor-icon-wrapper\">\n\t\t\t<a class=\"elementor-icon\" href=\"https:\/\/www.linkedin.com\/in\/lubosmasny\/\" target=\"_blank\" rel=\"noopener\">\n\t\t\t<svg aria-hidden=\"true\" class=\"e-font-icon-svg e-fab-linkedin\" viewBox=\"0 0 448 512\" xmlns=\"http:\/\/www.w3.org\/2000\/svg\"><path d=\"M416 32H31.9C14.3 32 0 46.5 0 64.3v383.4C0 465.5 14.3 480 31.9 480H416c17.6 0 32-14.5 32-32.3V64.3c0-17.8-14.4-32.3-32-32.3zM135.4 416H69V202.2h66.5V416zm-33.2-243c-21.3 0-38.5-17.3-38.5-38.5S80.9 96 102.2 96c21.2 0 38.5 17.3 38.5 38.5 0 21.3-17.2 38.5-38.5 38.5zm282.1 243h-66.4V312c0-24.8-.5-56.7-34.5-56.7-34.6 0-39.9 27-39.9 54.9V416h-66.4V202.2h63.7v29.2h.9c8.9-16.8 30.6-34.5 62.9-34.5 67.2 0 79.7 44.3 79.7 101.9V416z\"><\/path><\/svg>\t\t\t<\/a>\n\t\t<\/div>\n\t\t\t\t\t\t<\/div>\n\t\t\t\t<\/div>\n\t\t\t\t<\/div>\n\t\t\t\t\t<\/div>\n\t\t\t\t<\/div>\n\t\t<div class=\"wd-negative-gap elementor-element elementor-element-561bbc6 wd-section-stretch e-flex e-con-boxed e-con e-parent\" data-id=\"561bbc6\" data-element_type=\"container\" data-e-type=\"container\" data-settings=\"{&quot;background_background&quot;:&quot;classic&quot;}\">\n\t\t\t\t\t<div class=\"e-con-inner\">\n\t\t<div class=\"elementor-element elementor-element-9d83ae3 e-con-full e-flex e-con e-child\" data-id=\"9d83ae3\" data-element_type=\"container\" data-e-type=\"container\">\n\t\t\t\t<div class=\"elementor-element elementor-element-b43544f elementor-widget elementor-widget-wd_image_or_svg\" data-id=\"b43544f\" data-element_type=\"widget\" data-e-type=\"widget\" data-widget_type=\"wd_image_or_svg.default\">\n\t\t\t\t<div class=\"elementor-widget-container\">\n\t\t\t\t\t\n\t\t<div class=\"wd-image text-left\">\n\t\t\t\t\t\t\t\t<img decoding=\"async\" width=\"543\" height=\"476\" src=\"https:\/\/www.tomiagroup.com\/wp-content\/uploads\/2025\/04\/Martin-Pipiska.webp\" class=\"attachment-full size-full\" alt=\"\" srcset=\"https:\/\/www.tomiagroup.com\/wp-content\/uploads\/2025\/04\/Martin-Pipiska.webp 543w, https:\/\/www.tomiagroup.com\/wp-content\/uploads\/2025\/04\/Martin-Pipiska-300x263.webp 300w\" sizes=\"(max-width: 543px) 100vw, 543px\" \/>\t\t\t\t\t<\/div>\n\n\t\t\t\t\t\t<\/div>\n\t\t\t\t<\/div>\n\t\t\t\t<div class=\"elementor-element elementor-element-914e177 wd-width-100 elementor-widget elementor-widget-wd_title\" data-id=\"914e177\" data-element_type=\"widget\" data-e-type=\"widget\" data-widget_type=\"wd_title.default\">\n\t\t\t\t<div class=\"elementor-widget-container\">\n\t\t\t\t\t\t\t<div class=\"title-wrapper set-mb-s reset-last-child wd-title-color-default wd-title-style-default wd-title-size-default text-center\">\n\n\t\t\t\t\t\t\t<div class=\"title-subtitle subtitle-color-default subtitle-style-default wd-fontsize-xs\">\n\t\t\t\t\tmartin.pipiska@tomiagroup.com\t\t\t\t<\/div>\n\t\t\t\n\t\t\t<div class=\"liner-continer\">\n\t\t\t\t<h4 class=\"woodmart-title-container title wd-fontsize-l\">Martin Pip\u00ed\u0161ka<\/h4> \n\t\t\t\t\t\t\t<\/div>\n\n\t\t\t\t\t\t\t<div class=\"title-after_title set-cont-mb-s reset-last-child wd-fontsize-xs\">\n\t\t\t\t\t<p>Consultant and Developer, Microsoft Dynamics 365, Power Pages<\/p>\t\t\t\t<\/div>\n\t\t\t\t\t<\/div>\n\t\t\t\t\t\t<\/div>\n\t\t\t\t<\/div>\n\t\t\t\t<\/div>\n\t\t<div class=\"elementor-element elementor-element-37225c2 e-con-full e-flex e-con e-child\" data-id=\"37225c2\" data-element_type=\"container\" data-e-type=\"container\">\n\t\t\t\t<div class=\"elementor-element elementor-element-bc1ebc3 elementor-widget elementor-widget-wd_image_or_svg\" data-id=\"bc1ebc3\" data-element_type=\"widget\" data-e-type=\"widget\" data-widget_type=\"wd_image_or_svg.default\">\n\t\t\t\t<div class=\"elementor-widget-container\">\n\t\t\t\t\t\n\t\t<div class=\"wd-image text-left\">\n\t\t\t\t\t\t\t\t<img loading=\"lazy\" decoding=\"async\" width=\"543\" height=\"476\" src=\"https:\/\/www.tomiagroup.com\/wp-content\/uploads\/2025\/04\/Barbora-Semanova.webp\" class=\"attachment-full size-full\" alt=\"\" srcset=\"https:\/\/www.tomiagroup.com\/wp-content\/uploads\/2025\/04\/Barbora-Semanova.webp 543w, https:\/\/www.tomiagroup.com\/wp-content\/uploads\/2025\/04\/Barbora-Semanova-300x263.webp 300w\" sizes=\"(max-width: 543px) 100vw, 543px\" \/>\t\t\t\t\t<\/div>\n\n\t\t\t\t\t\t<\/div>\n\t\t\t\t<\/div>\n\t\t\t\t<div class=\"elementor-element elementor-element-0c76230 wd-width-100 elementor-widget elementor-widget-wd_title\" data-id=\"0c76230\" data-element_type=\"widget\" data-e-type=\"widget\" data-widget_type=\"wd_title.default\">\n\t\t\t\t<div class=\"elementor-widget-container\">\n\t\t\t\t\t\t\t<div class=\"title-wrapper set-mb-s reset-last-child wd-title-color-default wd-title-style-default wd-title-size-default text-center\">\n\n\t\t\t\t\t\t\t<div class=\"title-subtitle subtitle-color-default subtitle-style-default wd-fontsize-xs\">\n\t\t\t\t\tbarbora.semanova@tomiagroup.com\t\t\t\t<\/div>\n\t\t\t\n\t\t\t<div class=\"liner-continer\">\n\t\t\t\t<h4 class=\"woodmart-title-container title wd-fontsize-l\">Barbora Semanov\u00e1<\/h4> \n\t\t\t\t\t\t\t<\/div>\n\n\t\t\t\t\t\t\t<div class=\"title-after_title set-cont-mb-s reset-last-child wd-fontsize-xs\">\n\t\t\t\t\t<p>Consultant and Developer, Microsoft Dynamics 365, Marketing and Sales<\/p>\t\t\t\t<\/div>\n\t\t\t\t\t<\/div>\n\t\t\t\t\t\t<\/div>\n\t\t\t\t<\/div>\n\t\t\t\t<\/div>\n\t\t<div class=\"elementor-element elementor-element-dd3562d e-con-full e-flex e-con e-child\" data-id=\"dd3562d\" data-element_type=\"container\" data-e-type=\"container\">\n\t\t\t\t<div class=\"elementor-element elementor-element-bf75b6d elementor-widget elementor-widget-wd_image_or_svg\" data-id=\"bf75b6d\" data-element_type=\"widget\" data-e-type=\"widget\" data-widget_type=\"wd_image_or_svg.default\">\n\t\t\t\t<div class=\"elementor-widget-container\">\n\t\t\t\t\t\n\t\t<div class=\"wd-image text-left\">\n\t\t\t\t\t\t\t\t<img loading=\"lazy\" decoding=\"async\" width=\"543\" height=\"476\" src=\"https:\/\/www.tomiagroup.com\/wp-content\/uploads\/2025\/04\/Lubomir-Chomo.webp\" class=\"attachment-full size-full\" alt=\"\" srcset=\"https:\/\/www.tomiagroup.com\/wp-content\/uploads\/2025\/04\/Lubomir-Chomo.webp 543w, https:\/\/www.tomiagroup.com\/wp-content\/uploads\/2025\/04\/Lubomir-Chomo-300x263.webp 300w\" sizes=\"(max-width: 543px) 100vw, 543px\" \/>\t\t\t\t\t<\/div>\n\n\t\t\t\t\t\t<\/div>\n\t\t\t\t<\/div>\n\t\t\t\t<div class=\"elementor-element elementor-element-809eabc wd-width-100 elementor-widget elementor-widget-wd_title\" data-id=\"809eabc\" data-element_type=\"widget\" data-e-type=\"widget\" data-widget_type=\"wd_title.default\">\n\t\t\t\t<div class=\"elementor-widget-container\">\n\t\t\t\t\t\t\t<div class=\"title-wrapper set-mb-s reset-last-child wd-title-color-default wd-title-style-default wd-title-size-default text-center\">\n\n\t\t\t\t\t\t\t<div class=\"title-subtitle subtitle-color-default subtitle-style-default wd-fontsize-xs\">\n\t\t\t\t\tlubomir.chomo@tomiagroup.com\t\t\t\t<\/div>\n\t\t\t\n\t\t\t<div class=\"liner-continer\">\n\t\t\t\t<h4 class=\"woodmart-title-container title wd-fontsize-l\">\u013dubom\u00edr Chomo<\/h4> \n\t\t\t\t\t\t\t<\/div>\n\n\t\t\t\t\t\t\t<div class=\"title-after_title set-cont-mb-s reset-last-child wd-fontsize-xs\">\n\t\t\t\t\t<p><span style=\"font-weight: 400\">Consultant and Developer, Microsoft Dynamics 365<\/span><\/p>\t\t\t\t<\/div>\n\t\t\t\t\t<\/div>\n\t\t\t\t\t\t<\/div>\n\t\t\t\t<\/div>\n\t\t\t\t<\/div>\n\t\t\t\t\t<\/div>\n\t\t\t\t<\/div>\n\t\t<div class=\"wd-negative-gap elementor-element elementor-element-cb38fc7 e-flex e-con-boxed e-con e-parent\" data-id=\"cb38fc7\" data-element_type=\"container\" data-e-type=\"container\">\n\t\t\t\t\t<div class=\"e-con-inner\">\n\t\t<div class=\"elementor-element elementor-element-9b2584e e-con-full e-flex e-con e-child\" data-id=\"9b2584e\" data-element_type=\"container\" data-e-type=\"container\">\n\t\t\t\t<div class=\"elementor-element elementor-element-ffb6195 wd-width-100 elementor-widget elementor-widget-wd_title\" data-id=\"ffb6195\" data-element_type=\"widget\" data-e-type=\"widget\" data-widget_type=\"wd_title.default\">\n\t\t\t\t<div class=\"elementor-widget-container\">\n\t\t\t\t\t\t\t<div class=\"title-wrapper set-mb-s reset-last-child wd-title-color-default wd-title-style-default wd-title-size-default text-left\">\n\n\t\t\t\n\t\t\t<div class=\"liner-continer\">\n\t\t\t\t<h2 class=\"woodmart-title-container title wd-fontsize-l\">Map of Our Expertise<\/h2> \n\t\t\t\t\t\t\t<\/div>\n\n\t\t\t\t\t<\/div>\n\t\t\t\t\t\t<\/div>\n\t\t\t\t<\/div>\n\t\t\t\t<div class=\"elementor-element elementor-element-aa9e239 elementor-widget elementor-widget-wd_text_block\" data-id=\"aa9e239\" data-element_type=\"widget\" data-e-type=\"widget\" data-widget_type=\"wd_text_block.default\">\n\t\t\t\t<div class=\"elementor-widget-container\">\n\t\t\t\t\t\t\t<div class=\"wd-text-block reset-last-child text-left\">\n\t\t\t\n\t\t\t<p><b>Our team of guides covers all areas you need for a successful digital transformation:<\/b><\/p><p><b>Strategic Consulting - <\/b><span style=\"font-weight: 400;\">We will help you choose the right direction<\/span><\/p><p><b>CRM Implementation - <\/b><span style=\"font-weight: 400;\">We will create a system tailored to your business<\/span><\/p><p><b>Process Automation - <\/b><span style=\"font-weight: 400;\">We identify opportunities for time savings<\/span><\/p><p><b>Business Intelligence - <\/b><span style=\"font-weight: 400;\">We transform data into valuable business insights<\/span><\/p><p><b>Training and Support - <\/b><span style=\"font-weight: 400;\">We ensure you can fully utilize the system<\/span><\/p>\n\t\t\t\t\t<\/div>\n\t\t\t\t\t\t<\/div>\n\t\t\t\t<\/div>\n\t\t\t\t<\/div>\n\t\t<div class=\"elementor-element elementor-element-3629cec e-con-full e-flex e-con e-child\" data-id=\"3629cec\" data-element_type=\"container\" data-e-type=\"container\">\n\t\t\t\t<div class=\"elementor-element elementor-element-8c6bdef wd-width-100 elementor-widget elementor-widget-wd_title\" data-id=\"8c6bdef\" data-element_type=\"widget\" data-e-type=\"widget\" data-widget_type=\"wd_title.default\">\n\t\t\t\t<div class=\"elementor-widget-container\">\n\t\t\t\t\t\t\t<div class=\"title-wrapper set-mb-s reset-last-child wd-title-color-default wd-title-style-default wd-title-size-default text-left\">\n\n\t\t\t\n\t\t\t<div class=\"liner-continer\">\n\t\t\t\t<h2 class=\"woodmart-title-container title wd-fontsize-l\">Join Our Team<\/h2> \n\t\t\t\t\t\t\t<\/div>\n\n\t\t\t\t\t<\/div>\n\t\t\t\t\t\t<\/div>\n\t\t\t\t<\/div>\n\t\t\t\t<div class=\"elementor-element elementor-element-0f5c0b2 elementor-widget elementor-widget-wd_text_block\" data-id=\"0f5c0b2\" data-element_type=\"widget\" data-e-type=\"widget\" data-widget_type=\"wd_text_block.default\">\n\t\t\t\t<div class=\"elementor-widget-container\">\n\t\t\t\t\t\t\t<div class=\"wd-text-block reset-last-child text-left\">\n\t\t\t\n\t\t\t<p><span style=\"font-weight: 400;\">We are constantly growing and looking for talented guides who share our values and passion for technology with a human touch. If our philosophy resonates with you and you want to be part of a team that is changing the way companies use technology, please see our open positions.<\/span><\/p>\n\t\t\t\t\t<\/div>\n\t\t\t\t\t\t<\/div>\n\t\t\t\t<\/div>\n\t\t\t\t<\/div>\n\t\t\t\t\t<\/div>\n\t\t\t\t<\/div>\n\t\t\t\t<\/div>\n\t\t","protected":false},"excerpt":{"rendered":"<p>Our Team of Data Guides At TOMIA, we believe that the greatest strength of any company lies in its people.<\/p>\n","protected":false},"author":1,"featured_media":0,"parent":0,"menu_order":0,"comment_status":"closed","ping_status":"closed","template":"","meta":{"footnotes":""},"class_list":["post-1988","page","type-page","status-publish","hentry"],"_links":{"self":[{"href":"https:\/\/www.tomiagroup.com\/en\/wp-json\/wp\/v2\/pages\/1988","targetHints":{"allow":["GET"]}}],"collection":[{"href":"https:\/\/www.tomiagroup.com\/en\/wp-json\/wp\/v2\/pages"}],"about":[{"href":"https:\/\/www.tomiagroup.com\/en\/wp-json\/wp\/v2\/types\/page"}],"author":[{"embeddable":true,"href":"https:\/\/www.tomiagroup.com\/en\/wp-json\/wp\/v2\/users\/1"}],"replies":[{"embeddable":true,"href":"https:\/\/www.tomiagroup.com\/en\/wp-json\/wp\/v2\/comments?post=1988"}],"version-history":[{"count":3,"href":"https:\/\/www.tomiagroup.com\/en\/wp-json\/wp\/v2\/pages\/1988\/revisions"}],"predecessor-version":[{"id":1994,"href":"https:\/\/www.tomiagroup.com\/en\/wp-json\/wp\/v2\/pages\/1988\/revisions\/1994"}],"wp:attachment":[{"href":"https:\/\/www.tomiagroup.com\/en\/wp-json\/wp\/v2\/media?parent=1988"}],"curies":[{"name":"wp","href":"https:\/\/api.w.org\/{rel}","templated":true}]}}